{"id":70,"date":"2021-12-22T20:29:58","date_gmt":"2021-12-22T20:29:58","guid":{"rendered":"https:\/\/prismaev.live-website.com\/?page_id=70"},"modified":"2026-01-13T10:04:09","modified_gmt":"2026-01-13T10:04:09","slug":"kinder-und-jugendfreizeit-2022","status":"publish","type":"page","link":"https:\/\/prismaev.de\/?page_id=70","title":{"rendered":"Sommerfreizeit f\u00fcr Kinder und Jugendliche"},"content":{"rendered":"\n<p class=\"has-medium-font-size\"><strong><em>Let\u2019s fetz in den bayerischen Bergen!<\/em><\/strong><\/p>\n\n\n\n<p class=\"has-medium-font-size\">f\u00fcr Kinder und Jugendliche<br>von 9 &#8211; 17 Jahren<br>vom 01.08.-09.08.2026<\/p>\n\n\n\n<p>Hallo PRISMA-Fans und die es noch werden wollen!<br><br>In den Sommerferien 2026 wollen wir ganz im S\u00fcden Deutschlands nachsehen, was es dort alles zu<br>erleben gibt. Es geht auffi in die oberbayerische Bergwelt nach Mittenwald!<br>Wir werden dort in der wundersch\u00f6n gelegenen Mittenwalder Jugendherberge wohnen und mit<br>gemieteten oder mitgebrachten Mountainbikes zum Isarursprung radeln; in den Bergen wandern und<br>vielleicht sogar auf Bergh\u00fctten \u00fcbernachten; bei sch\u00f6nem Wetter in der Isar oder im frischen<br>Bergsee baden; eventuell angeseilt klettern; chillen, am Lagerfeuer singen; tr\u00e4umen, vorgelesen bekommen, schnitzen, basteln; Beach-Volleyball spielen, Sonntagsschule, Gespr\u00e4chsrunden und Zeugnis-<br>versammlung gemeinsam gestalten; Bibellektion lesen und uns \u00fcber die Entfaltung der Ideen freuen;<br>und das Mittelalterfest in Mittenwald erkunden.<br><br>Hier k\u00f6nnt ihr mal einen Blick auf die Website der Jugendherberge Mittenwald werfen:<br><a href=\"https:\/\/www.jugendherberge.de\/jugendherbergen\/mittenwald\/\">DJH Jugendherberge Mittenwald &#8211; Angebote + mehr | Bayern<\/a><br><br>Bei allem, was wir unternehmen freuen wir uns in Gottes Geborgenheit zu sein.<br>Dabei erleben wir auch N\u00e4chstenliebe, Hilfsbereitschaft, Teamgeist, Fairness und Gerechtigkeit.<br><br><strong><em>Auf geht\u2019s, pack deinen Rucksack und komm mit nach Mittenwald!<br>Wir freuen uns auf dich!<\/em><\/strong><\/p>\n\n\n\n<p><strong><em>Let\u2019s fetz in den bayerischen Bergen!<\/em><\/strong><br><br><a href=\"https:\/\/prismaev.de\/?attachment_id=280\">ANMEDLUNG<\/a><\/p>\n\n\n\n<p><strong>Anmeldeschluss<\/strong>: 30 April 2026<br>Kosten: 585,- Euro<br>Fr\u00fchbucherrabatt bis 28.02.2026: 535,- Euro<br><br>Ein eigenes Fahrrad sollte mitgebracht werden oder kann gegen Geb\u00fchr vor Ort ausgeliehen werden.<br><br><strong>Gibt es noch Fragen?<\/strong><br>Dann melde dich bei:<br>Bernhard Spitz<br>Mobil: 0170 8 579 479<br>bernhard.spitz@gmx.de<br><br><strong>Einwilligungserkl\u00e4rung<\/strong><\/p>\n\n\n\n<p>dass die personenbezogenen Daten der Anmeldung f\u00fcr die Durchf\u00fchrung der Freizeit in Papierform und elektronisch gespeichert und Adressen f\u00fcr k\u00fcnftige Informationen von PRISMA e.V. verwendet werden.<\/p>\n\n\n\n<p>Dieser Erkl\u00e4rung kann jederzeit schriftlich widersprochen werden.<\/p>\n\n\n\n<p><a href=\"https:\/\/prismaev.de\/wp-content\/uploads\/2022\/12\/Datenschutzhinweis_beschreibbar.pdf\" target=\"_blank\" rel=\"noreferrer noopener\">Hier runterladen, ausdrucken, unterschreiben, zur\u00fcckschicken.<\/a><\/p>\n\n\n\n<p><\/p>\n\n\n\n<figure class=\"wp-block-image size-large\"><img loading=\"lazy\" decoding=\"async\" width=\"1024\" height=\"768\" src=\"https:\/\/prismaev.de\/wp-content\/uploads\/2023\/12\/WhatsApp-Bild-2024-12-17-um-21.15.42_dd5c5257-1024x768.jpg\" alt=\"\" class=\"wp-image-248\" srcset=\"https:\/\/prismaev.de\/wp-content\/uploads\/2023\/12\/WhatsApp-Bild-2024-12-17-um-21.15.42_dd5c5257-1024x768.jpg 1024w, https:\/\/prismaev.de\/wp-content\/uploads\/2023\/12\/WhatsApp-Bild-2024-12-17-um-21.15.42_dd5c5257-300x225.jpg 300w, https:\/\/prismaev.de\/wp-content\/uploads\/2023\/12\/WhatsApp-Bild-2024-12-17-um-21.15.42_dd5c5257-768x576.jpg 768w, https:\/\/prismaev.de\/wp-content\/uploads\/2023\/12\/WhatsApp-Bild-2024-12-17-um-21.15.42_dd5c5257-1536x1152.jpg 1536w, https:\/\/prismaev.de\/wp-content\/uploads\/2023\/12\/WhatsApp-Bild-2024-12-17-um-21.15.42_dd5c5257-150x113.jpg 150w, https:\/\/prismaev.de\/wp-content\/uploads\/2023\/12\/WhatsApp-Bild-2024-12-17-um-21.15.42_dd5c5257-200x150.jpg 200w, https:\/\/prismaev.de\/wp-content\/uploads\/2023\/12\/WhatsApp-Bild-2024-12-17-um-21.15.42_dd5c5257.jpg 1600w\" sizes=\"auto, (max-width: 1024px) 100vw, 1024px\" \/><\/figure>\n\n\n\n<p class=\"has-medium-font-size\"><strong>Unterst\u00fctzung<\/strong><\/p>\n\n\n\n<p>Liebe Eltern,<br><br>wir m\u00f6chten, dass <strong>jedes Kind<\/strong> die M\u00f6glichkeit hat teilzunehmen. <br><br>Sollte die Finanzierung f\u00fcr Sie schwierig oder unm\u00f6glich sein, helfen wir Ihnen gerne diskret und unb\u00fcrokratisch mit unserem Spendenfonds aus. Gerne k\u00f6nnen Sie sich hierzu vertrauensvoll an <br>unseren Schriftf\u00fchrer wenden:<br><br>Bernhard Spitz<br>bernhard.spitz@gmx.de<\/p>\n\n\n\n<p><br><br>Planen, reisen, erleben?<br>Auch der Verein Pyramide e.V. unterst\u00fctzt junge Christliche Wissenschaftler mit finanzieller Hilfe f\u00fcr Anfahrt und Unterkunft.<br><br>Einfach schreiben an:<br>info@pyramideev.de<br>oder <br><a href=\"http:\/\/www.pyramideev.de\">www.pyramideev.de<\/a><\/p>\n","protected":false},"excerpt":{"rendered":"<p>Let\u2019s fetz in den bayerischen Bergen! f\u00fcr Kinder und Jugendlichevon 9 &#8211; 17 Jahrenvom 01.08.-09.08.2026 Hallo PRISMA-Fans und die es noch werden wollen! In den Sommerferien 2026 wollen wir ganz im S\u00fcden Deutschlands nachsehen, was es dort alles zuerleben gibt. Es geht auffi in die oberbayerische Bergwelt nach Mittenwald!Wir werden&#8230; <a class=\"continue-reading-link\" href=\"https:\/\/prismaev.de\/?page_id=70\"> Continue reading <span class=\"meta-nav\">&rarr; <\/span><\/a><\/p>\n","protected":false},"author":1,"featured_media":0,"parent":0,"menu_order":0,"comment_status":"closed","ping_status":"closed","template":"","meta":{"footnotes":""},"class_list":["post-70","page","type-page","status-publish","hentry"],"_links":{"self":[{"href":"https:\/\/prismaev.de\/index.php?rest_route=\/wp\/v2\/pages\/70","targetHints":{"allow":["GET"]}}],"collection":[{"href":"https:\/\/prismaev.de\/index.php?rest_route=\/wp\/v2\/pages"}],"about":[{"href":"https:\/\/prismaev.de\/index.php?rest_route=\/wp\/v2\/types\/page"}],"author":[{"embeddable":true,"href":"https:\/\/prismaev.de\/index.php?rest_route=\/wp\/v2\/users\/1"}],"replies":[{"embeddable":true,"href":"https:\/\/prismaev.de\/index.php?rest_route=%2Fwp%2Fv2%2Fcomments&post=70"}],"version-history":[{"count":20,"href":"https:\/\/prismaev.de\/index.php?rest_route=\/wp\/v2\/pages\/70\/revisions"}],"predecessor-version":[{"id":344,"href":"https:\/\/prismaev.de\/index.php?rest_route=\/wp\/v2\/pages\/70\/revisions\/344"}],"wp:attachment":[{"href":"https:\/\/prismaev.de\/index.php?rest_route=%2Fwp%2Fv2%2Fmedia&parent=70"}],"curies":[{"name":"wp","href":"https:\/\/api.w.org\/{rel}","templated":true}]}}