{"id":68,"date":"2021-12-22T20:25:14","date_gmt":"2021-12-22T20:25:14","guid":{"rendered":"https:\/\/prismaev.live-website.com\/?page_id=68"},"modified":"2026-01-05T09:54:14","modified_gmt":"2026-01-05T09:54:14","slug":"familientreffen-kids-co-2022","status":"publish","type":"page","link":"https:\/\/prismaev.de\/?page_id=68","title":{"rendered":"Freizeit f\u00fcr alle \u00fcber Pfingsten"},"content":{"rendered":"\n<p><strong>Pfingsten<\/strong><br>in Bad Kreuznach<br>vom <strong>22.05.-25.05.2026<\/strong><\/p>\n\n\n\n<p>In der wundersch\u00f6n gelegenen Jugendherberge Bad Kreuznach im Nahetal wollen wir zusammen<br>ein frohes und geistreiches Pfingstwochenende verbringen.<br>F\u00fcr die Wassernixen und die Seel\u00f6wen gibt es eine Therme und ein Salinen-Freibad.<br>Ansonsten umgeben uns Weinberge und wundersch\u00f6ne Natur.<br>Bad Kreuznach selbst ist ebenfalls einen Besuch wert.<br><br>Gemeinsame Gottesdienste, Gespr\u00e4che, Spiele, Ausfl\u00fcge und Austausch mit neuen und langj\u00e4hrigen<br>Freudinnen und Freunden stehen ebenfalls auf dem Programm.<br><br>Tragt den Termin am besten gleich in euren Kalender ein und meldet euch an!<br><br>Wir freuen uns auf dich!<\/p>\n\n\n\n<p><br>Jetzt <a href=\"https:\/\/prismaev.de\/?attachment_id=279\">ANMELDEN<\/a><br><br><strong>Anmeldeschluss: 15. Februar 2026<\/strong><br>Teilnehmerbeitrag:<br>Erwachsene 180,- Euro<br>Kinder von 15\u201317 Jahren 155,- Euro<br>Kinder von 2\u201314 Jahren 130,- Euro<br>Kinder von 0\u20131 Jahr 80,- Euro<\/p>\n\n\n\n<p><br><br><strong>Ansprechpartnerin:<br><\/strong>Kirsten Kunze<br>kirsten.kunze@prismaev.de<br><br><strong>Einwilligungserkl\u00e4rung<\/strong><\/p>\n\n\n\n<p>dass die personenbezogenen Daten der Anmeldung f\u00fcr die Durchf\u00fchrung der Freizeit in Papierform und elektronisch gespeichert und Adressen f\u00fcr k\u00fcnftige Informationen von PRISMA e.V. verwendet werden.<\/p>\n\n\n\n<p>Dieser Erkl\u00e4rung kann jederzeit schriftlich widersprochen werden.<\/p>\n\n\n\n<p><a href=\"https:\/\/prismaev.de\/wp-content\/uploads\/2022\/12\/Datenschutzhinweis_beschreibbar.pdf\" target=\"_blank\" rel=\"noreferrer noopener\">Hier runterladen, ausdrucken, unterschreiben, zur\u00fcckschicken.<\/a><\/p>\n","protected":false},"excerpt":{"rendered":"<p>Pfingstenin Bad Kreuznachvom 22.05.-25.05.2026 In der wundersch\u00f6n gelegenen Jugendherberge Bad Kreuznach im Nahetal wollen wir zusammenein frohes und geistreiches Pfingstwochenende verbringen.F\u00fcr die Wassernixen und die Seel\u00f6wen gibt es eine Therme und ein Salinen-Freibad.Ansonsten umgeben uns Weinberge und wundersch\u00f6ne Natur.Bad Kreuznach selbst ist ebenfalls einen Besuch wert. Gemeinsame Gottesdienste, Gespr\u00e4che, Spiele,&#8230; <a class=\"continue-reading-link\" href=\"https:\/\/prismaev.de\/?page_id=68\"> Continue reading <span class=\"meta-nav\">&rarr; <\/span><\/a><\/p>\n","protected":false},"author":1,"featured_media":0,"parent":0,"menu_order":0,"comment_status":"closed","ping_status":"closed","template":"","meta":{"footnotes":""},"class_list":["post-68","page","type-page","status-publish","hentry"],"_links":{"self":[{"href":"https:\/\/prismaev.de\/index.php?rest_route=\/wp\/v2\/pages\/68","targetHints":{"allow":["GET"]}}],"collection":[{"href":"https:\/\/prismaev.de\/index.php?rest_route=\/wp\/v2\/pages"}],"about":[{"href":"https:\/\/prismaev.de\/index.php?rest_route=\/wp\/v2\/types\/page"}],"author":[{"embeddable":true,"href":"https:\/\/prismaev.de\/index.php?rest_route=\/wp\/v2\/users\/1"}],"replies":[{"embeddable":true,"href":"https:\/\/prismaev.de\/index.php?rest_route=%2Fwp%2Fv2%2Fcomments&post=68"}],"version-history":[{"count":20,"href":"https:\/\/prismaev.de\/index.php?rest_route=\/wp\/v2\/pages\/68\/revisions"}],"predecessor-version":[{"id":323,"href":"https:\/\/prismaev.de\/index.php?rest_route=\/wp\/v2\/pages\/68\/revisions\/323"}],"wp:attachment":[{"href":"https:\/\/prismaev.de\/index.php?rest_route=%2Fwp%2Fv2%2Fmedia&parent=68"}],"curies":[{"name":"wp","href":"https:\/\/api.w.org\/{rel}","templated":true}]}}