{"id":65,"date":"2021-12-22T20:19:25","date_gmt":"2021-12-22T20:19:25","guid":{"rendered":"https:\/\/prismaev.live-website.com\/?page_id=65"},"modified":"2026-01-05T20:37:05","modified_gmt":"2026-01-05T20:37:05","slug":"freizeiten-2022","status":"publish","type":"page","link":"https:\/\/prismaev.de\/?page_id=65","title":{"rendered":"Freizeiten  2026"},"content":{"rendered":"\n<p><strong>Liebe Eltern und liebe Freunde der Christlichen Wissenschaft,<\/strong><\/p>\n\n\n\n<p>wir freuen uns, auch im Jahr <strong>2026 <\/strong>wieder ein Programm mit einer Sommerfreizeit f\u00fcr Kinder und Jugendliche &#8222;Let&#8217;s fetz in den bayrischen Bergen&#8220; , sowie eine Freizeit f\u00fcr alle zu Pfingsten 2026 anzubieten.<\/p>\n\n\n\n<p><strong>Motto:<\/strong><br>&#8222;Gott st\u00e4rkt mich mit Kraft und weist mir den rechten Weg&#8220; <br>(Bibel, 2. Samuel 22:33)<\/p>\n\n\n\n<p><strong>Folgende Camps haben wir 2026 f\u00fcr Euch vorbereitet:<\/strong><\/p>\n\n\n\n<p> <strong><a href=\"https:\/\/prismaev.de\/?page_id=68\">Freizeit f\u00fcr alle \u00fcber Pfingsten vom 22.05.-25.05.2026<\/a><\/strong><\/p>\n\n\n\n<p><strong><a href=\"https:\/\/prismaev.de\/?page_id=70\">Sommerfreizeit<em> Let&#8217;s fetz in den bayrischen Bergen <\/em>f\u00fcr Kinder und Jugendliche 01.08.-09.08.2026<\/a><\/strong><\/p>\n\n\n\n<p>Schriftf\u00fchrer<br>Bernhard Spitz<br>Mobil: 0170 8 579 479<br>bernhard.spitz@gmx.de<\/p>\n\n\n\n<p>Wenn Sie PRISMA mit einer Spende unterst\u00fctzen m\u00f6chten, benutzen Sie bitte unter Angabe Ihres Namens und Ihrer Adresse folgende <strong>NEUE<\/strong> Kontonummer (bitte als Spende ausweisen): <br><strong>PRISMA e.V.<br>GLS Bank<br>IBAN: DE67 4306 0967 1342 6158 00<br>BIC: GENODEM1GLS<\/strong><\/p>\n\n\n\n<p>In Vorfreude auf einen tollen Sommer 2026 gr\u00fc\u00dft Sie herzlich<\/p>\n\n\n\n<p>Ihr PRISMA-Team<\/p>\n\n\n\n<figure class=\"wp-block-image size-large\"><img loading=\"lazy\" decoding=\"async\" width=\"1024\" height=\"768\" src=\"https:\/\/prismaev.de\/wp-content\/uploads\/2021\/12\/WhatsApp-Bild-2024-12-17-um-21.15.42_3819cb32-1024x768.jpg\" alt=\"\" class=\"wp-image-243\" srcset=\"https:\/\/prismaev.de\/wp-content\/uploads\/2021\/12\/WhatsApp-Bild-2024-12-17-um-21.15.42_3819cb32-1024x768.jpg 1024w, https:\/\/prismaev.de\/wp-content\/uploads\/2021\/12\/WhatsApp-Bild-2024-12-17-um-21.15.42_3819cb32-300x225.jpg 300w, https:\/\/prismaev.de\/wp-content\/uploads\/2021\/12\/WhatsApp-Bild-2024-12-17-um-21.15.42_3819cb32-768x576.jpg 768w, https:\/\/prismaev.de\/wp-content\/uploads\/2021\/12\/WhatsApp-Bild-2024-12-17-um-21.15.42_3819cb32-1536x1152.jpg 1536w, https:\/\/prismaev.de\/wp-content\/uploads\/2021\/12\/WhatsApp-Bild-2024-12-17-um-21.15.42_3819cb32-150x113.jpg 150w, https:\/\/prismaev.de\/wp-content\/uploads\/2021\/12\/WhatsApp-Bild-2024-12-17-um-21.15.42_3819cb32-200x150.jpg 200w, https:\/\/prismaev.de\/wp-content\/uploads\/2021\/12\/WhatsApp-Bild-2024-12-17-um-21.15.42_3819cb32.jpg 1600w\" sizes=\"auto, (max-width: 1024px) 100vw, 1024px\" \/><\/figure>\n","protected":false},"excerpt":{"rendered":"<p>Liebe Eltern und liebe Freunde der Christlichen Wissenschaft, wir freuen uns, auch im Jahr 2026 wieder ein Programm mit einer Sommerfreizeit f\u00fcr Kinder und Jugendliche &#8222;Let&#8217;s fetz in den bayrischen Bergen&#8220; , sowie eine Freizeit f\u00fcr alle zu Pfingsten 2026 anzubieten. Motto:&#8222;Gott st\u00e4rkt mich mit Kraft und weist mir den&#8230; <a class=\"continue-reading-link\" href=\"https:\/\/prismaev.de\/?page_id=65\"> Continue reading <span class=\"meta-nav\">&rarr; <\/span><\/a><\/p>\n","protected":false},"author":1,"featured_media":0,"parent":0,"menu_order":0,"comment_status":"closed","ping_status":"closed","template":"","meta":{"footnotes":""},"class_list":["post-65","page","type-page","status-publish","hentry"],"_links":{"self":[{"href":"https:\/\/prismaev.de\/index.php?rest_route=\/wp\/v2\/pages\/65","targetHints":{"allow":["GET"]}}],"collection":[{"href":"https:\/\/prismaev.de\/index.php?rest_route=\/wp\/v2\/pages"}],"about":[{"href":"https:\/\/prismaev.de\/index.php?rest_route=\/wp\/v2\/types\/page"}],"author":[{"embeddable":true,"href":"https:\/\/prismaev.de\/index.php?rest_route=\/wp\/v2\/users\/1"}],"replies":[{"embeddable":true,"href":"https:\/\/prismaev.de\/index.php?rest_route=%2Fwp%2Fv2%2Fcomments&post=65"}],"version-history":[{"count":30,"href":"https:\/\/prismaev.de\/index.php?rest_route=\/wp\/v2\/pages\/65\/revisions"}],"predecessor-version":[{"id":341,"href":"https:\/\/prismaev.de\/index.php?rest_route=\/wp\/v2\/pages\/65\/revisions\/341"}],"wp:attachment":[{"href":"https:\/\/prismaev.de\/index.php?rest_route=%2Fwp%2Fv2%2Fmedia&parent=65"}],"curies":[{"name":"wp","href":"https:\/\/api.w.org\/{rel}","templated":true}]}}