{"id":29,"date":"2021-12-22T18:30:42","date_gmt":"2021-12-22T18:30:42","guid":{"rendered":"https:\/\/prismaev.live-website.com\/?page_id=29"},"modified":"2025-12-30T10:32:22","modified_gmt":"2025-12-30T10:32:22","slug":"impressum","status":"publish","type":"page","link":"https:\/\/prismaev.de\/?page_id=29","title":{"rendered":"Impressum"},"content":{"rendered":"<p>Herausgeber dieser Website und verantwortlich f\u00fcr den Inhalt ist Prisma e.V.<br \/>vertreten durch den Vorstand<br \/>und dieser vertreten durch:<\/p>\n<div>Prisma e.V.<\/div>\n<div>Havelm\u00fcllerweg 9<\/div>\n<div>13509 Berlin<\/div>\n<div>Amtsgericht Hamburg<\/div>\n<div>Registernummer VR 11191<\/div>\n<p>Urheberrecht<br \/>F\u00fcr den Inhalt dieser Website liegt das Urheberrecht bei: Prisma e.V.<br \/>\u00a9 2002 &#8211; 2026 Alle Rechte vorbehalten.<br \/>Das Material auf dieser Website wie Texte, Fotos, Zeichnungen,<br \/>Markennamen, Logos und die Sammlung dieser Materialien sind<br \/>Eigentum von Prisma e.V., Fotos der JHs sind Eigentum des DJH,<br \/>fremde Markennamen sind Eigentum der jeweiligen Inhaber.<\/p>\n<h6>HAFTUNG F\u00dcR LINKS<br \/>F\u00fcr den Inhalt externer Links \u00fcbernehmen wir keine Verantwortung.<br \/>Prisma e.V. gew\u00e4hrt Ihnen das Recht, dieses urheberrechtsgesch\u00fctzte<br \/>Material f\u00fcr pers\u00f6nliche, nicht gewerbliche, private Zwecke<br \/>einzusehen und herunterzuladen. Auf dieser Website enthaltene<br \/>Materialien d\u00fcrfen weder verkauft, erneut herausgegeben, oder<br \/>in irgend einer Weise verbreitet werden, ohne dass zuvor die<br \/>ausdr\u00fcckliche schriftliche Genehmigung von Prisma e.V. eingeholt wurde.<\/h6>\n<p>Wegen Fragen der Reproduktion urheberrechtlich gesch\u00fctzter<br \/>Materialien wenden Sie sich schriftlich an:<br \/>Prisma e.V.<br \/>Heike Behrend<br \/><strong><span style=\"color: #26282a;\">briefkasten(at)prismaev.de<\/span><\/strong><\/p>\n<h6>COPYRIGHT F\u00dcR INHALTE<br \/>Alle Fotografien, Videos, Texte und weitere Inhalte auf prismaev.de unterliegen dem Copyright von Prismaev.de. Eine kommerzielle oder private Verwendung ohne ausdr\u00fcckliche, vorherige, schriftliche Genehmigung ist nicht zul\u00e4ssig. Zuwiderhandlungen werden juristisch verfolgt.<\/h6>\n<p><a href=\"https:\/\/prismaev.de\/?page_id=19\">Datenschutzrichtlinien<\/a><\/p>\n\n\n<p><\/p>\n","protected":false},"excerpt":{"rendered":"<p>Herausgeber dieser Website und verantwortlich f\u00fcr den Inhalt ist Prisma e.V.vertreten durch den Vorstandund dieser vertreten durch: Prisma e.V. Havelm\u00fcllerweg 9 13509 Berlin Amtsgericht Hamburg Registernummer VR 11191 UrheberrechtF\u00fcr den Inhalt dieser Website liegt das Urheberrecht bei: Prisma e.V.\u00a9 2002 &#8211; 2026 Alle Rechte vorbehalten.Das Material auf dieser Website wie&#8230; <a class=\"continue-reading-link\" href=\"https:\/\/prismaev.de\/?page_id=29\"> Continue reading <span class=\"meta-nav\">&rarr; <\/span><\/a><\/p>\n","protected":false},"author":1,"featured_media":0,"parent":0,"menu_order":0,"comment_status":"closed","ping_status":"closed","template":"","meta":{"footnotes":""},"class_list":["post-29","page","type-page","status-publish","hentry"],"_links":{"self":[{"href":"https:\/\/prismaev.de\/index.php?rest_route=\/wp\/v2\/pages\/29","targetHints":{"allow":["GET"]}}],"collection":[{"href":"https:\/\/prismaev.de\/index.php?rest_route=\/wp\/v2\/pages"}],"about":[{"href":"https:\/\/prismaev.de\/index.php?rest_route=\/wp\/v2\/types\/page"}],"author":[{"embeddable":true,"href":"https:\/\/prismaev.de\/index.php?rest_route=\/wp\/v2\/users\/1"}],"replies":[{"embeddable":true,"href":"https:\/\/prismaev.de\/index.php?rest_route=%2Fwp%2Fv2%2Fcomments&post=29"}],"version-history":[{"count":5,"href":"https:\/\/prismaev.de\/index.php?rest_route=\/wp\/v2\/pages\/29\/revisions"}],"predecessor-version":[{"id":315,"href":"https:\/\/prismaev.de\/index.php?rest_route=\/wp\/v2\/pages\/29\/revisions\/315"}],"wp:attachment":[{"href":"https:\/\/prismaev.de\/index.php?rest_route=%2Fwp%2Fv2%2Fmedia&parent=29"}],"curies":[{"name":"wp","href":"https:\/\/api.w.org\/{rel}","templated":true}]}}