{"id":25,"date":"2021-12-22T18:28:33","date_gmt":"2021-12-22T18:28:33","guid":{"rendered":"https:\/\/prismaev.live-website.com\/?page_id=25"},"modified":"2026-01-05T10:02:30","modified_gmt":"2026-01-05T10:02:30","slug":"unterstuetzen","status":"publish","type":"page","link":"https:\/\/prismaev.de\/?page_id=25","title":{"rendered":"PRISMA unterst\u00fctzen"},"content":{"rendered":"<p><strong>PRISMA e.V. unterst\u00fctzen<\/strong><\/p>\n<p>PRISMA ist ein eingetragener Verein und verfolgt nicht das Ziel Profit zu erwirtschaften. Der Verein tr\u00e4gt sich allein durch die Teilnehmerbeitr\u00e4ge und durch Zuwendungen.<\/p>\n<p><strong>Metaphysische Unterst\u00fctzung!<\/strong><br \/>\nUm jede metaphysische Unterst\u00fctzung auch w\u00e4hrend des Jahres sind wir sehr dankbar! Das Jahr \u00fcber organisieren die Betreuer die Freizeiten auf freiwilliger Basis und k\u00f6nnen jeden guten Gedanken gebrauchen.<\/p>\n<p><strong>Finanzielle Unterst\u00fctzung!<\/strong><br \/>\nF\u00fcr jede finanzielle Unterst\u00fctzung sind wir dankbar, denn dadurch k\u00f6nnen unter anderem Familienerm\u00e4\u00dfigungen oder die Teilnahme f\u00fcr jene erm\u00f6glicht werden, denen sonst eine Teilnahme aus finanziellen Gr\u00fcnden unm\u00f6glich w\u00e4re. Da PRISMA als gemeinn\u00fctziger Verein anerkannt und eingetragen ist, ist es m\u00f6glich finanzielle Zuwendungen steuerlich abzusetzen.<br \/>\nWir m\u00f6chten Sie\/Euch bitten, Ihre\/Eure Spenden auf folgendes <strong>NEUES<\/strong> Konto einzuzahlen:<br \/>\nPRISMA e.V.<br \/>\n<strong>GLS Bank<\/strong><br \/>\n<strong>IBAN: DE67 4306 0967 1342 6158 00<\/strong><br \/>\n<strong>BIC: GENODEM1GLS<\/strong><br \/>\nBei Spenden ab \u20ac 200 erhalten Sie m Jahresende erhalten auf Anfrag eine Zuwendungsbest\u00e4tigung<\/p>\n<p><strong>Mitglied werden!<\/strong><br \/>\nWenn du PRISMA tatkr\u00e4ftig unterst\u00fctzen m\u00f6chtest, dann kannst du Mitglied werden, wenn Du\u00a0 vorher mindestens einmal in einem der Camps Betreuer warst oder selbst an Freizeiten teilgenommen hast. Es f\u00e4llt kein Mitgliedsbeitrag an. Du kannst aktiv Ideen und Taten einflie\u00dfen lassen und Entscheidungen mittragen.<\/p>\n<p><strong>BetreuerIn werden!<\/strong><br \/>\nWenn du Mutterkirchen- oder Zweigkirchenmitglied bist und Dir vorstellen kannst, eine Freizeit zu organisieren und zu betreuen, oder einige Tage interessante Erfahrungen sammeln m\u00f6chtest, dann wende dich einfach an unseren Schriftf\u00fchrer. Er wird Dir einen Gedankenbogen zuschicken, den du bitte ausf\u00fcllen musst. Dieser Bogen wird von den PRISMA-Mitgliedern gelesen und eine Bef\u00fcrwortung ausgesprochen. Um Betreuer zu sein, ist eine PRISMA-Mitgliedschaft nicht n\u00f6tig. Schreibe eine Mail an: IchHabLustBetreuerInZuWerden@prismaev.de<\/p>\n","protected":false},"excerpt":{"rendered":"<p>PRISMA e.V. unterst\u00fctzen PRISMA ist ein eingetragener Verein und verfolgt nicht das Ziel Profit zu erwirtschaften. Der Verein tr\u00e4gt sich allein durch die Teilnehmerbeitr\u00e4ge und durch Zuwendungen. Metaphysische Unterst\u00fctzung! Um jede metaphysische Unterst\u00fctzung auch w\u00e4hrend des Jahres sind wir sehr dankbar! Das Jahr \u00fcber organisieren die Betreuer die Freizeiten auf&#8230; <a class=\"continue-reading-link\" href=\"https:\/\/prismaev.de\/?page_id=25\"> Continue reading <span class=\"meta-nav\">&rarr; <\/span><\/a><\/p>\n","protected":false},"author":1,"featured_media":0,"parent":0,"menu_order":0,"comment_status":"closed","ping_status":"closed","template":"","meta":{"footnotes":""},"class_list":["post-25","page","type-page","status-publish","hentry"],"_links":{"self":[{"href":"https:\/\/prismaev.de\/index.php?rest_route=\/wp\/v2\/pages\/25","targetHints":{"allow":["GET"]}}],"collection":[{"href":"https:\/\/prismaev.de\/index.php?rest_route=\/wp\/v2\/pages"}],"about":[{"href":"https:\/\/prismaev.de\/index.php?rest_route=\/wp\/v2\/types\/page"}],"author":[{"embeddable":true,"href":"https:\/\/prismaev.de\/index.php?rest_route=\/wp\/v2\/users\/1"}],"replies":[{"embeddable":true,"href":"https:\/\/prismaev.de\/index.php?rest_route=%2Fwp%2Fv2%2Fcomments&post=25"}],"version-history":[{"count":7,"href":"https:\/\/prismaev.de\/index.php?rest_route=\/wp\/v2\/pages\/25\/revisions"}],"predecessor-version":[{"id":330,"href":"https:\/\/prismaev.de\/index.php?rest_route=\/wp\/v2\/pages\/25\/revisions\/330"}],"wp:attachment":[{"href":"https:\/\/prismaev.de\/index.php?rest_route=%2Fwp%2Fv2%2Fmedia&parent=25"}],"curies":[{"name":"wp","href":"https:\/\/api.w.org\/{rel}","templated":true}]}}