{"id":23,"date":"2021-12-22T18:26:07","date_gmt":"2021-12-22T18:26:07","guid":{"rendered":"https:\/\/prismaev.live-website.com\/?page_id=23"},"modified":"2026-01-05T09:52:34","modified_gmt":"2026-01-05T09:52:34","slug":"was-ist-prisma","status":"publish","type":"page","link":"https:\/\/prismaev.de\/?page_id=23","title":{"rendered":"Was ist PRISMA?"},"content":{"rendered":"<table border=\"0\" width=\"80%\" cellspacing=\"2\" cellpadding=\"2\">\n<tbody>\n<tr>\n<td colspan=\"2\">\n<p align=\"CENTER\"><span style=\"font-size: large;\"><strong>Kurzinformation \u00fcber PRISMA e.V.<\/strong><\/span><\/p>\n<\/td>\n<\/tr>\n<tr>\n<td colspan=\"2\" height=\"26\"><\/td>\n<\/tr>\n<tr>\n<td colspan=\"2\"><span style=\"color: #000080;\"><span style=\"font-size: medium;\">Zweck<\/span><\/span><\/td>\n<\/tr>\n<tr>\n<td width=\"5%\" height=\"39\"><\/td>\n<td width=\"60%\">Aufgabe des Vereins ist es, Ferienangebote f\u00fcr Sonntagsch\u00fclerInnen und \u00e4ltere Christliche WissenschaftlerInnen zu organisieren. Im Rahmen der Freizeit m\u00f6chte PRISMA Gelegenheiten schaffen, mehr von den g\u00f6ttlichen Eigenschaften in sich und anderen zu entdecken und sie zu erleben.<\/td>\n<\/tr>\n<tr>\n<td colspan=\"2\" height=\"35\"><span style=\"color: #ff0000;\"><span style=\"font-size: medium;\">Veranstaltungen<\/span><\/span><\/td>\n<\/tr>\n<tr>\n<td width=\"5%\"><\/td>\n<td width=\"60%\">Jedes Jahr findet ein Sommerlager f\u00fcr Kinder statt. F\u00fcr Jugendliche wurde in verschiedenen Jahren Wandern, Reiten, Paddeln, Ski- und Radfahren angeboten. Es gab mehrere Singwochenenden ohne Altersbegrenzung.<\/td>\n<\/tr>\n<tr>\n<td colspan=\"2\" height=\"34\"><span style=\"color: #008000;\"><span style=\"font-size: medium;\">Basis<\/span><\/span><\/td>\n<\/tr>\n<tr>\n<td width=\"5%\"><\/td>\n<td width=\"60%\">Grundlage bei der Vorbereitung und Durchf\u00fchrung der Veranstaltungen ist die Christliche Wissenschaft. Wir wenden uns bei allen Aufgaben und eventuell auftretenden Problemen an Gott.Alle Prisma BetreuerInnen sind Mitglied der Kirche Christi, Wissenschaftler.<\/td>\n<\/tr>\n<tr>\n<td colspan=\"2\" height=\"36\"><span style=\"color: #00ffff;\"><span style=\"font-size: medium;\">Organisation<\/span><\/span><\/td>\n<\/tr>\n<tr>\n<td width=\"5%\"><\/td>\n<td width=\"60%\">Prisma ist eine private Initiative von Christlichen WissenschaftlerInnen und ist von der Kirche organisatorisch unabh\u00e4ngig. Der Verein ist als gemeinn\u00fctzig anerkannt.<\/td>\n<\/tr>\n<tr>\n<td colspan=\"2\" height=\"38\"><span style=\"color: #ff66ff;\"><span style=\"font-size: medium;\">Finanzierung<\/span><\/span><\/td>\n<\/tr>\n<tr>\n<td width=\"5%\"><\/td>\n<td width=\"60%\">Die Aktivit\u00e4ten werden aus den Teilnehmerbeitr\u00e4gen finanziert. Es gibt keine \u00f6ffentlichen Zusch\u00fcsse. Alle MitarbeiterInnen sind ehrenamtlich t\u00e4tig. Prisma strebt keine Gewinne an.<\/td>\n<\/tr>\n<tr>\n<td colspan=\"2\" height=\"42\"><span style=\"color: #ff9900;\"><span style=\"font-size: medium;\">Spenden<\/span><\/span><\/td>\n<\/tr>\n<tr>\n<td width=\"5%\"><\/td>\n<td width=\"60%\">Alle Spenden werden dankbar entgegengenommen. Sie werden ausschlie\u00dflich dazu genutzt, TeilnehmerInnen Preisnachl\u00e4sse zu gew\u00e4hren. Spenden sind steuerlich absetzbar.<\/td>\n<\/tr>\n<tr>\n<td colspan=\"2\" height=\"2\"><span style=\"font-size: medium;\">Erm\u00e4\u00dfigungen<\/span><\/td>\n<\/tr>\n<tr>\n<td width=\"5%\" height=\"74\"><\/td>\n<td width=\"60%\">Eltern, die die vollen Kosten f\u00fcr eine Veranstaltung nicht aufbringen k\u00f6nnen, bitten wir, dies auf der Anmeldung zu vermerken. Wir senden Ihnen dann Einzelheiten \u00fcber die m\u00f6glichen Erm\u00e4\u00dfigungen.<\/td>\n<\/tr>\n<\/tbody>\n<\/table>\n","protected":false},"excerpt":{"rendered":"<p>Kurzinformation \u00fcber PRISMA e.V. Zweck Aufgabe des Vereins ist es, Ferienangebote f\u00fcr Sonntagsch\u00fclerInnen und \u00e4ltere Christliche WissenschaftlerInnen zu organisieren. Im Rahmen der Freizeit m\u00f6chte PRISMA Gelegenheiten schaffen, mehr von den g\u00f6ttlichen Eigenschaften in sich und anderen zu entdecken und sie zu erleben. Veranstaltungen Jedes Jahr findet ein Sommerlager f\u00fcr Kinder&#8230; <a class=\"continue-reading-link\" href=\"https:\/\/prismaev.de\/?page_id=23\"> Continue reading <span class=\"meta-nav\">&rarr; <\/span><\/a><\/p>\n","protected":false},"author":1,"featured_media":0,"parent":0,"menu_order":0,"comment_status":"closed","ping_status":"closed","template":"","meta":{"footnotes":""},"class_list":["post-23","page","type-page","status-publish","hentry"],"_links":{"self":[{"href":"https:\/\/prismaev.de\/index.php?rest_route=\/wp\/v2\/pages\/23","targetHints":{"allow":["GET"]}}],"collection":[{"href":"https:\/\/prismaev.de\/index.php?rest_route=\/wp\/v2\/pages"}],"about":[{"href":"https:\/\/prismaev.de\/index.php?rest_route=\/wp\/v2\/types\/page"}],"author":[{"embeddable":true,"href":"https:\/\/prismaev.de\/index.php?rest_route=\/wp\/v2\/users\/1"}],"replies":[{"embeddable":true,"href":"https:\/\/prismaev.de\/index.php?rest_route=%2Fwp%2Fv2%2Fcomments&post=23"}],"version-history":[{"count":5,"href":"https:\/\/prismaev.de\/index.php?rest_route=\/wp\/v2\/pages\/23\/revisions"}],"predecessor-version":[{"id":321,"href":"https:\/\/prismaev.de\/index.php?rest_route=\/wp\/v2\/pages\/23\/revisions\/321"}],"wp:attachment":[{"href":"https:\/\/prismaev.de\/index.php?rest_route=%2Fwp%2Fv2%2Fmedia&parent=23"}],"curies":[{"name":"wp","href":"https:\/\/api.w.org\/{rel}","templated":true}]}}