{"id":19,"date":"2021-12-22T18:15:49","date_gmt":"2021-12-22T18:15:49","guid":{"rendered":"https:\/\/prismaev.live-website.com\/?page_id=19"},"modified":"2021-12-22T18:31:34","modified_gmt":"2021-12-22T18:31:34","slug":"datenschutzrichtlinien","status":"publish","type":"page","link":"https:\/\/prismaev.de\/?page_id=19","title":{"rendered":"Datenschutzrichtlinien"},"content":{"rendered":"\n<p>Wir erheben und verwenden Ihre personenbezogenen Daten ausschlie\u00dflich im Rahmen der Bestimmungen des Datenschutzrechts der Bundesrepublik Deutschland. Im Folgenden unterrichten wir Sie \u00fcber Art, Umfang und Zwecke der Erhebung und Verwendung personenbezogener Daten. Sie k\u00f6nnen diese Unterrichtung jederzeit auf unserer Webseite abrufen.<\/p>\n\n\n\n<h3 class=\"wp-block-heading\">DATEN\u00dcBERMITTLUNG UND -PROTOKOLLIERUNG ZU SYSTEMINTERNEN UND STATISTISCHEN ZWECKEN<\/h3>\n\n\n\n<p>Ihr Internet-Browser \u00fcbermittelt beim Zugriff auf unsere Webseite aus technischen Gr\u00fcnden automatisch Daten an unseren Webserver. Es handelt sich dabei unter anderem um Datum und Uhrzeit des Zugriffs, URL der verweisenden Webseite, abgerufene Datei, Menge der gesendeten Daten, Browsertyp und -version, Betriebssystem sowie Ihre IP-Adresse. Diese Daten werden getrennt von anderen Daten, die Sie im Rahmen der Nutzung unseres Angebotes eingeben gespeichert. Eine Zuordnung dieser Daten zu einer bestimmten Person ist uns nicht m\u00f6glich. Diese Daten werden zu statistischen Zwecken ausgewertet und im Anschluss gel\u00f6scht.<\/p>\n\n\n\n<h3 class=\"wp-block-heading\">BESTANDSDATEN<\/h3>\n\n\n\n<p>Sofern zwischen Ihnen und uns ein Vertragsverh\u00e4ltnis begr\u00fcndet, inhaltlich ausgestaltet oder ge\u00e4ndert werden soll, erheben und verwenden wir personenbezogene Daten von Ihnen, soweit dies zu diesen Zwecken erforderlich ist.<\/p>\n\n\n\n<p>Auf Anordnung der zust\u00e4ndigen Stellen d\u00fcrfen wir im Einzelfall Auskunft \u00fcber diese Daten (Bestandsdaten) erteilen, soweit dies f\u00fcr Zwecke der Strafverfolgung, zur Gefahrenabwehr, zur Erf\u00fcllung der gesetzlichen Aufgaben der Verfassungsschutzbeh\u00f6rden oder des Milit\u00e4rischen Abschirmdienstes oder zur Durchsetzung der Rechte am geistigen Eigentum erforderlich ist.<\/p>\n\n\n\n<h3 class=\"wp-block-heading\">NUTZUNGSDATEN<\/h3>\n\n\n\n<p>Wir erheben und verwenden personenbezogene Daten von Ihnen, soweit dies erforderlich ist, um die Inanspruchnahme unseres Internetangebotes zu erm\u00f6glichen oder abzurechnen (Nutzungsdaten). Dazu geh\u00f6ren insbesondere Merkmale zu Ihrer Identifikation und Angaben zu Beginn und Ende sowie des Umfangs der Nutzung unseres Angebotes.<\/p>\n\n\n\n<p>Auf Anordnung der zust\u00e4ndigen Stellen d\u00fcrfen wir im Einzelfall Auskunft \u00fcber diese Daten (Bestandsdaten) erteilen, soweit dies f\u00fcr Zwecke der Strafverfolgung, zur Gefahrenabwehr, zur Erf\u00fcllung der gesetzlichen Aufgaben der Verfassungsschutzbeh\u00f6rden oder des Milit\u00e4rischen Abschirmdienstes oder zur Durchsetzung der Rechte am geistigen Eigentum erforderlich ist.<\/p>\n\n\n\n<h3 class=\"wp-block-heading\"><a><\/a>COOKIES<\/h3>\n\n\n\n<p>Um den Funktionsumfang unseres Internetangebotes zu erweitern und die Nutzung f\u00fcr Sie komfortabler zu gestalten, verwenden wir so genannte \u201eCookies\u201c. Mit Hilfe dieser \u201eCookies\u201c k\u00f6nnen bei dem Aufruf unserer Webseite Daten auf Ihrem Rechner gespeichert werden. Sie haben die M\u00f6glichkeit, das Abspeichern von Cookies auf Ihrem Rechner durch entsprechende Einstellungen in Ihrem Browser zu verhindern. Hierdurch k\u00f6nnten allerdings der Funktionsumfang unseres Angebotes eingeschr\u00e4nkt werden.<\/p>\n\n\n\n<p>\u201eCookies\u201c sind kleine Textdateien, die mit Hilfe Ihres Internetbrowsers auf Ihrem Rechner gespeichert werden. Sollte der Einsatz von \u201eCookies\u201c nicht gew\u00fcnscht sein, kann das Speichern von \u201eCookies\u201c auf dem Rechner durch entsprechende Einstellungen des Internetbrowsers verhindert werden. Die Funktionsf\u00e4higkeit und der Funktionsumfang unserer Internetseite kann dadurch eingeschr\u00e4nkt sein.<\/p>\n\n\n\n<p>Die Hilfe-Funktion in der Men\u00fcleiste der meisten Webbrowser erkl\u00e4rt Ihnen, wie Sie Ihren Browser davon abhalten, neue Cookies zu akzeptieren, wie Sie Ihren Browser darauf hinweisen lassen, wenn Sie ein neues Cookie erhalten oder auch wie Sie s\u00e4mtliche bereits erhaltenen Cookies l\u00f6schen und f\u00fcr alle weiteren sperren k\u00f6nnen.<\/p>\n\n\n\n<h3 class=\"wp-block-heading\">VERWENDUNG VON GOOGLE ANALYTICS<\/h3>\n\n\n\n<p>Diese Website benutzt Google Analytics nicht!<\/p>\n\n\n\n<h3 class=\"wp-block-heading\">DATENSCHUTZERKL\u00c4RUNG F\u00dcR DIE NUTZUNG VON GOOOGLE ADSENSE<\/h3>\n\n\n\n<p>Diese Website benutzt Google AdSense nicht!<\/p>\n\n\n\n<h3 class=\"wp-block-heading\">AUSKUNFTSRECHT<\/h3>\n\n\n\n<p>Als Nutzer unseres Internetangebotes haben Sie das Recht, von uns Auskunft \u00fcber die zu Ihrer Person oder zu Ihrem Pseudonym gespeicherten Daten zu verlangen. Auf Ihr Verlangen kann die Auskunft auch elektronisch erteilt werden.<\/p>\n\n\n\n<p>Die Nutzung unserer Webseite ist in der Regel ohne Angabe personenbezogener Daten m\u00f6glich. Soweit auf unseren Seiten personenbezogene Daten (beispielsweise Name, Anschrift oder eMail-Adressen) erhoben werden, erfolgt dies, soweit m\u00f6glich, stets auf freiwilliger Basis. Diese Daten werden ohne Ihre ausdr\u00fcckliche Zustimmung nicht an Dritte weitergegeben.<\/p>\n\n\n\n<p>Wir weisen darauf hin, dass die Daten\u00fcbertragung im Internet (z.B. bei der Kommunikation per E-Mail) Sicherheitsl\u00fccken aufweisen kann. Ein l\u00fcckenloser Schutz der Daten vor dem Zugriff durch Dritte ist nicht m\u00f6glich.<\/p>\n","protected":false},"excerpt":{"rendered":"<p>Wir erheben und verwenden Ihre personenbezogenen Daten ausschlie\u00dflich im Rahmen der Bestimmungen des Datenschutzrechts der Bundesrepublik Deutschland. Im Folgenden unterrichten wir Sie \u00fcber Art, Umfang und Zwecke der Erhebung und Verwendung personenbezogener Daten. Sie k\u00f6nnen diese Unterrichtung jederzeit auf unserer Webseite abrufen. DATEN\u00dcBERMITTLUNG UND -PROTOKOLLIERUNG ZU SYSTEMINTERNEN UND STATISTISCHEN ZWECKEN&#8230; <a class=\"continue-reading-link\" href=\"https:\/\/prismaev.de\/?page_id=19\"> Continue reading <span class=\"meta-nav\">&rarr; <\/span><\/a><\/p>\n","protected":false},"author":1,"featured_media":0,"parent":0,"menu_order":0,"comment_status":"closed","ping_status":"closed","template":"","meta":{"footnotes":""},"class_list":["post-19","page","type-page","status-publish","hentry"],"_links":{"self":[{"href":"https:\/\/prismaev.de\/index.php?rest_route=\/wp\/v2\/pages\/19","targetHints":{"allow":["GET"]}}],"collection":[{"href":"https:\/\/prismaev.de\/index.php?rest_route=\/wp\/v2\/pages"}],"about":[{"href":"https:\/\/prismaev.de\/index.php?rest_route=\/wp\/v2\/types\/page"}],"author":[{"embeddable":true,"href":"https:\/\/prismaev.de\/index.php?rest_route=\/wp\/v2\/users\/1"}],"replies":[{"embeddable":true,"href":"https:\/\/prismaev.de\/index.php?rest_route=%2Fwp%2Fv2%2Fcomments&post=19"}],"version-history":[{"count":2,"href":"https:\/\/prismaev.de\/index.php?rest_route=\/wp\/v2\/pages\/19\/revisions"}],"predecessor-version":[{"id":32,"href":"https:\/\/prismaev.de\/index.php?rest_route=\/wp\/v2\/pages\/19\/revisions\/32"}],"wp:attachment":[{"href":"https:\/\/prismaev.de\/index.php?rest_route=%2Fwp%2Fv2%2Fmedia&parent=19"}],"curies":[{"name":"wp","href":"https:\/\/api.w.org\/{rel}","templated":true}]}}